{"id":6734,"date":"2024-11-05T18:33:58","date_gmt":"2024-11-05T18:33:58","guid":{"rendered":"https:\/\/desranleau.ca\/frequently-asked-questions\/"},"modified":"2025-08-23T18:40:57","modified_gmt":"2025-08-23T18:40:57","slug":"frequently-asked-questions","status":"publish","type":"page","link":"https:\/\/desranleau.ca\/en\/faq\/","title":{"rendered":"Frequently asked questions"},"content":{"rendered":"<div id=\"rank-math-faq\" class=\"rank-math-block\"> <div class=\"rank-math-list\"> <div id=\"faq-question-1730815152678\" class=\"rank-math-list-item\"> <h2 class=\"rank-math-question h5\">Can I modify an existing model?<\/h2> <div class=\"rank-math-answer\">  <p>All our house plans can be modified to suit your needs. However, certain conditions apply depending on the project.<\/p>  <\/div> <\/div> <div id=\"faq-question-1730821182341\" class=\"rank-math-list-item\"> <h2 class=\"rank-math-question h5\">Can I bring my own plan?<\/h2> <div class=\"rank-math-answer\">  <p>Yes, it is possible to bring your house plans for us to build on one of our non-project lots or on your lot.<\/p>  <\/div> <\/div> <div id=\"faq-question-1730821199456\" class=\"rank-math-list-item\"> <h2 class=\"rank-math-question h5\">How long does it take to build?<\/h2> <div class=\"rank-math-answer\">  <p>Our construction lead time is five (5) months after proof of financing.<\/p>  <\/div> <\/div> <div id=\"faq-question-1732822309285\" class=\"rank-math-list-item\"> <h2 class=\"rank-math-question h5\">Do you offer a warranty?<\/h2> <div class=\"rank-math-answer\">  <p>All our homes are covered by the new home warranty (GCR)<\/p>  <\/div> <\/div> <div id=\"faq-question-1730821236985\" class=\"rank-math-list-item\"> <h2 class=\"rank-math-question h5\">Do you have any model homes to visit?<\/h2> <div class=\"rank-math-answer\">  <p>Yes, we currently have model homes available in our Domaine du Bois\u00e9 McClure project in Cowansville and our Tournant des Marguerites project in Farnham.<\/p>  <\/div> <\/div> <\/div> <\/div>      <div class=\"wp-block-spacer\" style=\"height: 100px;\" aria-hidden=\"true\">\u00a0<\/div>","protected":false},"excerpt":{"rendered":"Est-ce que je peux modifier un mod\u00e8le existant? Tous nos plans de maisons sont modifiables pour r\u00e9pondre \u00e0 vos besoins. [...]","protected":false},"author":1,"featured_media":0,"parent":0,"menu_order":0,"comment_status":"closed","ping_status":"closed","template":"","meta":{"_acf_changed":false,"footnotes":""},"class_list":["post-6734","page","type-page","status-publish","hentry"],"acf":[],"_links":{"self":[{"href":"https:\/\/desranleau.ca\/en\/wp-json\/wp\/v2\/pages\/6734","targetHints":{"allow":["GET"]}}],"collection":[{"href":"https:\/\/desranleau.ca\/en\/wp-json\/wp\/v2\/pages"}],"about":[{"href":"https:\/\/desranleau.ca\/en\/wp-json\/wp\/v2\/types\/page"}],"author":[{"embeddable":true,"href":"https:\/\/desranleau.ca\/en\/wp-json\/wp\/v2\/users\/1"}],"replies":[{"embeddable":true,"href":"https:\/\/desranleau.ca\/en\/wp-json\/wp\/v2\/comments?post=6734"}],"version-history":[{"count":2,"href":"https:\/\/desranleau.ca\/en\/wp-json\/wp\/v2\/pages\/6734\/revisions"}],"predecessor-version":[{"id":6736,"href":"https:\/\/desranleau.ca\/en\/wp-json\/wp\/v2\/pages\/6734\/revisions\/6736"}],"wp:attachment":[{"href":"https:\/\/desranleau.ca\/en\/wp-json\/wp\/v2\/media?parent=6734"}],"curies":[{"name":"wp","href":"https:\/\/api.w.org\/{rel}","templated":true}]}}